{"id":4407,"date":"2020-12-10T15:20:19","date_gmt":"2020-12-10T14:20:19","guid":{"rendered":"https:\/\/www.unamourdenoel.com\/?page_id=4407"},"modified":"2025-02-24T13:57:42","modified_gmt":"2025-02-24T12:57:42","slug":"lunivers-de-la-boutique","status":"publish","type":"page","link":"https:\/\/www.unamourdenoel.com\/en\/lunivers-de-la-boutique\/","title":{"rendered":"L&#8217;univers de la boutique"},"content":{"rendered":"<p>[vc_row full_width=&#8221;stretch_row_content_no_spaces&#8221; el_class=&#8221;boutique-image-1&#8243;][vc_column css=&#8221;.vc_custom_1606965789842{padding-right: 0px !important;padding-left: 0px !important;}&#8221;]\t\t<div class=\"ftc-smooth-image smooth-image ftc-smooth\">\n\t\t\t\t\t\t\t<img loading=\"lazy\" decoding=\"async\" width=\"2500\" height=\"500\" src=\"https:\/\/www.unamourdenoel.com\/wp-content\/uploads\/2020\/12\/header.jpg\" class=\"img\" alt=\"\" srcset=\"https:\/\/www.unamourdenoel.com\/wp-content\/uploads\/2020\/12\/header.jpg 2500w, https:\/\/www.unamourdenoel.com\/wp-content\/uploads\/2020\/12\/header-300x60.jpg 300w, https:\/\/www.unamourdenoel.com\/wp-content\/uploads\/2020\/12\/header-1024x205.jpg 1024w, https:\/\/www.unamourdenoel.com\/wp-content\/uploads\/2020\/12\/header-768x154.jpg 768w, https:\/\/www.unamourdenoel.com\/wp-content\/uploads\/2020\/12\/header-1536x307.jpg 1536w, https:\/\/www.unamourdenoel.com\/wp-content\/uploads\/2020\/12\/header-2048x410.jpg 2048w, https:\/\/www.unamourdenoel.com\/wp-content\/uploads\/2020\/12\/header-600x120.jpg 600w\" sizes=\"auto, (max-width: 2500px) 100vw, 2500px\" \/> \n\t\t\t\t\t<\/div>\n\t\t[\/vc_column][\/vc_row][vc_row css_animation=&#8221;fadeIn&#8221; el_class=&#8221;heading-title&#8221; css=&#8221;.vc_custom_1606965803173{margin-top: 25px !important;margin-bottom: 0px !important;}&#8221;][vc_column el_class=&#8221;feature-v1&#8243;][vc_column_text css=&#8221;.vc_custom_1612993623493{margin-bottom: 0px !important;}&#8221;]<\/p>\n<h2><span class=\"first-word\">L&#8217;univers <\/span>de la boutique<\/h2>\n<div class=\"decorative-icon\">\n<p class=\"icon-left\">.<\/p>\n<p class=\"icon-center\">.<\/p>\n<p class=\"icon-right\">.<\/p>\n<\/div>\n<p>[\/vc_column_text][vc_column_text css=&#8221;.vc_custom_1740401855035{margin-bottom: 0px !important;padding-top: 50px !important;padding-bottom: 50px !important;}&#8221;]<\/p>\n<h2 style=\"text-align: center;\">HORS CADRE&#8230;<\/h2>\n<p style=\"text-align: center;\">Si les f\u00e9es existent, c\u2019est certainement au bout du village des Gets qu\u2019elles sont install\u00e9es, et plus pr\u00e9cis\u00e9ment \u00e0 la Boutique UN AMOUR de NOEL.<\/p>\n<p style=\"text-align: center;\"><em><strong>Une adresse qui se murmure&#8230;<\/strong><\/em><\/p>\n<p>&nbsp;<\/p>\n<p style=\"text-align: center;\">Julie et Audrey virevoltent de pi\u00e8ce en pi\u00e8ce et cr\u00e9ent \u00e0 quatre mains tout un univers.\u00a0 Elles mettent en sc\u00e8ne d\u2019un coup de baguette magique <strong>les tendances actuelles matin\u00e9es des classiques \u00a0de la d\u00e9coration int\u00e9rieure<\/strong> dans une ambiance ultra cosy et inspirante pour l\u2019am\u00e9nagement de notre cadre de vie.<\/p>\n<p style=\"text-align: center;\">La couleur domine ou pas &#8230; et les mati\u00e8res sont mises en lumi\u00e8re.<\/p>\n<p style=\"text-align: center;\">Aller \u00e0 UN AMOUR de NOEL c\u2019est un peu comme rentrer chez soi.<\/p>\n<p>&nbsp;<\/p>\n<p style=\"text-align: center;\"><em>Une aventure cr\u00e9ative qui ne cesse d\u2019\u00e9voluer depuis 2005 et qui avance d\u00e9sormais en partenariat avec BIOTOPE IMMOBILIER &amp; ASPEN IMMOBILIER.<\/em><\/p>\n<p>[\/vc_column_text][\/vc_column][\/vc_row]<\/p>\n","protected":false},"excerpt":{"rendered":"<p>[vc_row full_width=&#8221;stretch_row_content_no_spaces&#8221; el_class=&#8221;boutique-image-1&#8243;][vc_column css=&#8221;.vc_custom_1606965789842{padding-right: 0px !important;padding-left: 0px !important;}&#8221;][\/vc_column][\/vc_row][vc_row css_animation=&#8221;fadeIn&#8221; el_class=&#8221;heading-title&#8221; css=&#8221;.vc_custom_1606965803173{margin-top: 25px !important;margin-bottom: 0px !important;}&#8221;][vc_column el_class=&#8221;feature-v1&#8243;][vc_column_text css=&#8221;.vc_custom_1612993623493{margin-bottom: 0px !important;}&#8221;] L&#8217;univers de la boutique . . . [\/vc_column_text][vc_column_text css=&#8221;.vc_custom_1740401855035{margin-bottom: 0px !important;padding-top: 50px !important;padding-bottom: 50px !important;}&#8221;] HORS CADRE&#8230; Si les f\u00e9es existent, c\u2019est certainement au bout du village des Gets qu\u2019elles sont install\u00e9es, et plus pr\u00e9cis\u00e9ment \u00e0 &hellip; <\/p>\n<p class=\"link-more\"><a href=\"https:\/\/www.unamourdenoel.com\/en\/lunivers-de-la-boutique\/\" class=\"more-link\">Continue reading<span class=\"screen-reader-text\"> &#8220;L&#8217;univers de la boutique&#8221;<\/span><\/a><\/p>\n","protected":false},"author":3,"featured_media":0,"parent":0,"menu_order":0,"comment_status":"closed","ping_status":"closed","template":"template-boutique.php","meta":{"_acf_changed":false,"_monsterinsights_skip_tracking":false,"_monsterinsights_sitenote_active":false,"_monsterinsights_sitenote_note":"","_monsterinsights_sitenote_category":0,"footnotes":""},"class_list":["post-4407","page","type-page","status-publish","hentry"],"acf":[],"yoast_head":"<!-- This site is optimized with the Yoast SEO plugin v27.3 - https:\/\/yoast.com\/product\/yoast-seo-wordpress\/ -->\n<title>L&#039;univers de la boutique - Un Amour de No\u00ebl<\/title>\n<meta name=\"robots\" content=\"index, follow, max-snippet:-1, max-image-preview:large, max-video-preview:-1\" \/>\n<link rel=\"canonical\" href=\"https:\/\/www.unamourdenoel.com\/lunivers-de-la-boutique\/\" \/>\n<meta property=\"og:locale\" content=\"en_US\" \/>\n<meta property=\"og:type\" content=\"article\" \/>\n<meta property=\"og:title\" content=\"L&#039;univers de la boutique - Un Amour de No\u00ebl\" \/>\n<meta property=\"og:description\" content=\"[vc_row full_width=&#8221;stretch_row_content_no_spaces&#8221; el_class=&#8221;boutique-image-1&#8243;][vc_column css=&#8221;.vc_custom_1606965789842{padding-right: 0px !important;padding-left: 0px !important;}&#8221;][\/vc_column][\/vc_row][vc_row css_animation=&#8221;fadeIn&#8221; el_class=&#8221;heading-title&#8221; css=&#8221;.vc_custom_1606965803173{margin-top: 25px !important;margin-bottom: 0px !important;}&#8221;][vc_column el_class=&#8221;feature-v1&#8243;][vc_column_text css=&#8221;.vc_custom_1612993623493{margin-bottom: 0px !important;}&#8221;] L&#8217;univers de la boutique . . . [\/vc_column_text][vc_column_text css=&#8221;.vc_custom_1740401855035{margin-bottom: 0px !important;padding-top: 50px !important;padding-bottom: 50px !important;}&#8221;] HORS CADRE&#8230; Si les f\u00e9es existent, c\u2019est certainement au bout du village des Gets qu\u2019elles sont install\u00e9es, et plus pr\u00e9cis\u00e9ment \u00e0 &hellip; Continue reading &quot;L&#8217;univers de la boutique&quot;\" \/>\n<meta property=\"og:url\" content=\"https:\/\/www.unamourdenoel.com\/lunivers-de-la-boutique\/\" \/>\n<meta property=\"og:site_name\" content=\"Un Amour de No\u00ebl\" \/>\n<meta property=\"article:modified_time\" content=\"2025-02-24T12:57:42+00:00\" \/>\n<meta name=\"twitter:card\" content=\"summary_large_image\" \/>\n<meta name=\"twitter:label1\" content=\"Est. reading time\" \/>\n\t<meta name=\"twitter:data1\" content=\"1 minute\" \/>\n<script type=\"application\/ld+json\" class=\"yoast-schema-graph\">{\"@context\":\"https:\\\/\\\/schema.org\",\"@graph\":[{\"@type\":\"WebPage\",\"@id\":\"https:\\\/\\\/www.unamourdenoel.com\\\/lunivers-de-la-boutique\\\/\",\"url\":\"https:\\\/\\\/www.unamourdenoel.com\\\/lunivers-de-la-boutique\\\/\",\"name\":\"L'univers de la boutique - Un Amour de No\u00ebl\",\"isPartOf\":{\"@id\":\"https:\\\/\\\/www.unamourdenoel.com\\\/#website\"},\"datePublished\":\"2020-12-10T14:20:19+00:00\",\"dateModified\":\"2025-02-24T12:57:42+00:00\",\"breadcrumb\":{\"@id\":\"https:\\\/\\\/www.unamourdenoel.com\\\/lunivers-de-la-boutique\\\/#breadcrumb\"},\"inLanguage\":\"en-US\",\"potentialAction\":[{\"@type\":\"ReadAction\",\"target\":[\"https:\\\/\\\/www.unamourdenoel.com\\\/lunivers-de-la-boutique\\\/\"]}]},{\"@type\":\"BreadcrumbList\",\"@id\":\"https:\\\/\\\/www.unamourdenoel.com\\\/lunivers-de-la-boutique\\\/#breadcrumb\",\"itemListElement\":[{\"@type\":\"ListItem\",\"position\":1,\"name\":\"Home\",\"item\":\"https:\\\/\\\/www.unamourdenoel.com\\\/\"},{\"@type\":\"ListItem\",\"position\":2,\"name\":\"L&#8217;univers de la boutique\"}]},{\"@type\":\"WebSite\",\"@id\":\"https:\\\/\\\/www.unamourdenoel.com\\\/#website\",\"url\":\"https:\\\/\\\/www.unamourdenoel.com\\\/\",\"name\":\"Un Amour de No\u00ebl\",\"description\":\"Boutique, d\u00e9coration int\u00e9rieur, am\u00e9nagement\",\"publisher\":{\"@id\":\"https:\\\/\\\/www.unamourdenoel.com\\\/#organization\"},\"potentialAction\":[{\"@type\":\"SearchAction\",\"target\":{\"@type\":\"EntryPoint\",\"urlTemplate\":\"https:\\\/\\\/www.unamourdenoel.com\\\/?s={search_term_string}\"},\"query-input\":{\"@type\":\"PropertyValueSpecification\",\"valueRequired\":true,\"valueName\":\"search_term_string\"}}],\"inLanguage\":\"en-US\"},{\"@type\":\"Organization\",\"@id\":\"https:\\\/\\\/www.unamourdenoel.com\\\/#organization\",\"name\":\"Un amour de no\u00ebl\",\"url\":\"https:\\\/\\\/www.unamourdenoel.com\\\/\",\"logo\":{\"@type\":\"ImageObject\",\"inLanguage\":\"en-US\",\"@id\":\"https:\\\/\\\/www.unamourdenoel.com\\\/#\\\/schema\\\/logo\\\/image\\\/\",\"url\":\"https:\\\/\\\/www.unamourdenoel.com\\\/wp-content\\\/uploads\\\/2020\\\/12\\\/logo-AN-vecto-min.png\",\"contentUrl\":\"https:\\\/\\\/www.unamourdenoel.com\\\/wp-content\\\/uploads\\\/2020\\\/12\\\/logo-AN-vecto-min.png\",\"width\":853,\"height\":872,\"caption\":\"Un amour de no\u00ebl\"},\"image\":{\"@id\":\"https:\\\/\\\/www.unamourdenoel.com\\\/#\\\/schema\\\/logo\\\/image\\\/\"},\"sameAs\":[\"https:\\\/\\\/www.instagram.com\\\/un.amour.de.noel\\\/\"]}]}<\/script>\n<!-- \/ Yoast SEO plugin. -->","yoast_head_json":{"title":"L'univers de la boutique - Un Amour de No\u00ebl","robots":{"index":"index","follow":"follow","max-snippet":"max-snippet:-1","max-image-preview":"max-image-preview:large","max-video-preview":"max-video-preview:-1"},"canonical":"https:\/\/www.unamourdenoel.com\/lunivers-de-la-boutique\/","og_locale":"en_US","og_type":"article","og_title":"L'univers de la boutique - Un Amour de No\u00ebl","og_description":"[vc_row full_width=&#8221;stretch_row_content_no_spaces&#8221; el_class=&#8221;boutique-image-1&#8243;][vc_column css=&#8221;.vc_custom_1606965789842{padding-right: 0px !important;padding-left: 0px !important;}&#8221;][\/vc_column][\/vc_row][vc_row css_animation=&#8221;fadeIn&#8221; el_class=&#8221;heading-title&#8221; css=&#8221;.vc_custom_1606965803173{margin-top: 25px !important;margin-bottom: 0px !important;}&#8221;][vc_column el_class=&#8221;feature-v1&#8243;][vc_column_text css=&#8221;.vc_custom_1612993623493{margin-bottom: 0px !important;}&#8221;] L&#8217;univers de la boutique . . . [\/vc_column_text][vc_column_text css=&#8221;.vc_custom_1740401855035{margin-bottom: 0px !important;padding-top: 50px !important;padding-bottom: 50px !important;}&#8221;] HORS CADRE&#8230; Si les f\u00e9es existent, c\u2019est certainement au bout du village des Gets qu\u2019elles sont install\u00e9es, et plus pr\u00e9cis\u00e9ment \u00e0 &hellip; Continue reading \"L&#8217;univers de la boutique\"","og_url":"https:\/\/www.unamourdenoel.com\/lunivers-de-la-boutique\/","og_site_name":"Un Amour de No\u00ebl","article_modified_time":"2025-02-24T12:57:42+00:00","twitter_card":"summary_large_image","twitter_misc":{"Est. reading time":"1 minute"},"schema":{"@context":"https:\/\/schema.org","@graph":[{"@type":"WebPage","@id":"https:\/\/www.unamourdenoel.com\/lunivers-de-la-boutique\/","url":"https:\/\/www.unamourdenoel.com\/lunivers-de-la-boutique\/","name":"L'univers de la boutique - Un Amour de No\u00ebl","isPartOf":{"@id":"https:\/\/www.unamourdenoel.com\/#website"},"datePublished":"2020-12-10T14:20:19+00:00","dateModified":"2025-02-24T12:57:42+00:00","breadcrumb":{"@id":"https:\/\/www.unamourdenoel.com\/lunivers-de-la-boutique\/#breadcrumb"},"inLanguage":"en-US","potentialAction":[{"@type":"ReadAction","target":["https:\/\/www.unamourdenoel.com\/lunivers-de-la-boutique\/"]}]},{"@type":"BreadcrumbList","@id":"https:\/\/www.unamourdenoel.com\/lunivers-de-la-boutique\/#breadcrumb","itemListElement":[{"@type":"ListItem","position":1,"name":"Home","item":"https:\/\/www.unamourdenoel.com\/"},{"@type":"ListItem","position":2,"name":"L&#8217;univers de la boutique"}]},{"@type":"WebSite","@id":"https:\/\/www.unamourdenoel.com\/#website","url":"https:\/\/www.unamourdenoel.com\/","name":"Un Amour de No\u00ebl","description":"Boutique, d\u00e9coration int\u00e9rieur, am\u00e9nagement","publisher":{"@id":"https:\/\/www.unamourdenoel.com\/#organization"},"potentialAction":[{"@type":"SearchAction","target":{"@type":"EntryPoint","urlTemplate":"https:\/\/www.unamourdenoel.com\/?s={search_term_string}"},"query-input":{"@type":"PropertyValueSpecification","valueRequired":true,"valueName":"search_term_string"}}],"inLanguage":"en-US"},{"@type":"Organization","@id":"https:\/\/www.unamourdenoel.com\/#organization","name":"Un amour de no\u00ebl","url":"https:\/\/www.unamourdenoel.com\/","logo":{"@type":"ImageObject","inLanguage":"en-US","@id":"https:\/\/www.unamourdenoel.com\/#\/schema\/logo\/image\/","url":"https:\/\/www.unamourdenoel.com\/wp-content\/uploads\/2020\/12\/logo-AN-vecto-min.png","contentUrl":"https:\/\/www.unamourdenoel.com\/wp-content\/uploads\/2020\/12\/logo-AN-vecto-min.png","width":853,"height":872,"caption":"Un amour de no\u00ebl"},"image":{"@id":"https:\/\/www.unamourdenoel.com\/#\/schema\/logo\/image\/"},"sameAs":["https:\/\/www.instagram.com\/un.amour.de.noel\/"]}]}},"_links":{"self":[{"href":"https:\/\/www.unamourdenoel.com\/en\/wp-json\/wp\/v2\/pages\/4407","targetHints":{"allow":["GET"]}}],"collection":[{"href":"https:\/\/www.unamourdenoel.com\/en\/wp-json\/wp\/v2\/pages"}],"about":[{"href":"https:\/\/www.unamourdenoel.com\/en\/wp-json\/wp\/v2\/types\/page"}],"author":[{"embeddable":true,"href":"https:\/\/www.unamourdenoel.com\/en\/wp-json\/wp\/v2\/users\/3"}],"replies":[{"embeddable":true,"href":"https:\/\/www.unamourdenoel.com\/en\/wp-json\/wp\/v2\/comments?post=4407"}],"version-history":[{"count":28,"href":"https:\/\/www.unamourdenoel.com\/en\/wp-json\/wp\/v2\/pages\/4407\/revisions"}],"predecessor-version":[{"id":4934,"href":"https:\/\/www.unamourdenoel.com\/en\/wp-json\/wp\/v2\/pages\/4407\/revisions\/4934"}],"wp:attachment":[{"href":"https:\/\/www.unamourdenoel.com\/en\/wp-json\/wp\/v2\/media?parent=4407"}],"curies":[{"name":"wp","href":"https:\/\/api.w.org\/{rel}","templated":true}]}}