{"id":801,"date":"2017-03-20T06:40:31","date_gmt":"2017-03-20T06:40:31","guid":{"rendered":"https:\/\/demo.themeftc.com\/credo\/\/\/?page_id=801"},"modified":"2025-03-12T10:43:36","modified_gmt":"2025-03-12T09:43:36","slug":"contact","status":"publish","type":"page","link":"https:\/\/www.unamourdenoel.com\/en\/contact\/","title":{"rendered":"Contact"},"content":{"rendered":"<p>[vc_row full_width=&#8221;stretch_row&#8221; content_placement=&#8221;middle&#8221; css=&#8221;.vc_custom_1740399294624{background-image: url(https:\/\/www.unamourdenoel.com\/wp-content\/uploads\/2020\/12\/slide-1.jpg?id=4125) !important;background-position: center !important;background-repeat: no-repeat !important;background-size: cover !important;}&#8221; el_class=&#8221;banner-top&#8221;][vc_column][vc_column_text]<\/p>\n<h1>Contact<\/h1>\n<p data-pm-slice=\"1 1 []\">Envie d\u2019un int\u00e9rieur qui vous ressemble ? Parlons-en !<\/p>\n<p>[\/vc_column_text][\/vc_column][\/vc_row][vc_row el_class=&#8221;st-image ct-1&#8243; css=&#8221;.vc_custom_1741771626768{margin-top: 60px !important;margin-bottom: 60px !important;background-color: #f1f1f1 !important;}&#8221;][vc_column width=&#8221;1\/2&#8243;][vc_column_text]<\/p>\n<h2 style=\"text-align: center;\">Un Amour de No\u00ebl<\/h2>\n<p style=\"text-align: center;\">Une question, un projet, une envie de d\u00e9coration ?<\/p>\n<p>[\/vc_column_text][vc_btn title=&#8221;+33 (0) 6 13 02 39 82&#8243; align=&#8221;center&#8221; i_icon_fontawesome=&#8221;fas fa-phone-alt&#8221; add_icon=&#8221;true&#8221; link=&#8221;url:tel%3A%2B33613023982&#8243;][vc_btn title=&#8221;685 rue du Centre, 74260 Les Gets&#8221; align=&#8221;center&#8221; i_icon_fontawesome=&#8221;fas fa-map-marker-alt&#8221; add_icon=&#8221;true&#8221; link=&#8221;url:%23&#8243;][vc_btn title=&#8221;contact@unamourdenoel.com&#8221; align=&#8221;center&#8221; i_icon_fontawesome=&#8221;fas fa-envelope&#8221; add_icon=&#8221;true&#8221; link=&#8221;url:mailto%3Acontact%40unamourdenoel.com&#8221;][\/vc_column][vc_column width=&#8221;1\/2&#8243;][vc_single_image image=&#8221;4888&#8243; img_size=&#8221;full&#8221;][\/vc_column][\/vc_row][vc_row css=&#8221;.vc_custom_1741772466193{margin-bottom: 60px !important;background-color: #f1f1f1 !important;}&#8221; el_class=&#8221;ct-1 ct-2&#8243;][vc_column width=&#8221;1\/2&#8243; css=&#8221;.vc_custom_1741772613081{padding-top: 40px !important;padding-right: 40px !important;padding-bottom: 40px !important;padding-left: 40px !important;}&#8221;][vc_column_text]<\/p>\n<h2 style=\"text-align: center;\">Contactez-nous !<\/h2>\n<p style=\"text-align: center;\"><strong data-start=\"0\" data-end=\"93\" data-is-only-node=\"\">Une question ou un projet ?<br \/>\n<\/strong><strong data-start=\"0\" data-end=\"93\" data-is-only-node=\"\">Remplissez le formulaire, nous vous r\u00e9pondrons au plus vite !<\/strong><\/p>\n<p>[\/vc_column_text]\n<div class=\"wpcf7 no-js\" id=\"wpcf7-f4034-o1\" lang=\"en-US\" dir=\"ltr\" data-wpcf7-id=\"4034\">\n<div class=\"screen-reader-response\"><p role=\"status\" aria-live=\"polite\" aria-atomic=\"true\"><\/p> <ul><\/ul><\/div>\n<form action=\"\/en\/wp-json\/wp\/v2\/pages\/801#wpcf7-f4034-o1\" method=\"post\" class=\"wpcf7-form init\" aria-label=\"Contact form\" novalidate=\"novalidate\" data-status=\"init\">\n<fieldset class=\"hidden-fields-container\"><input type=\"hidden\" name=\"_wpcf7\" value=\"4034\" \/><input type=\"hidden\" name=\"_wpcf7_version\" value=\"6.1.5\" \/><input type=\"hidden\" name=\"_wpcf7_locale\" value=\"en_US\" \/><input type=\"hidden\" name=\"_wpcf7_unit_tag\" value=\"wpcf7-f4034-o1\" \/><input type=\"hidden\" name=\"_wpcf7_container_post\" value=\"0\" \/><input type=\"hidden\" name=\"_wpcf7_posted_data_hash\" value=\"\" \/>\n<\/fieldset>\n<div class=\"row enquiry-form\">\n\t<div class=\"col-md-6\">\n\t\t<p>Objet de votre demande\n\t\t<\/p>\n\t\t<div class=\"custom-sel\">\n\t\t\t<p><span class=\"wpcf7-form-control-wrap\" data-name=\"subject\"><select class=\"wpcf7-form-control wpcf7-select wpcf7-validates-as-required\" aria-required=\"true\" aria-invalid=\"false\" name=\"subject\"><option value=\"\">&#8212;Please choose an option&#8212;<\/option><option value=\"Demande de devis\">Demande de devis<\/option><option value=\"Renseignement\">Renseignement<\/option><option value=\"Fournisseur\">Fournisseur<\/option><\/select><\/span>\n\t\t\t<\/p>\n\t\t<\/div>\n\t<\/div>\n\t<div class=\"col-md-6\">\n\t\t<p>Pr\u00e9nom<br \/>\n<span class=\"wpcf7-form-control-wrap\" data-name=\"your-first-name\"><input size=\"40\" maxlength=\"400\" class=\"wpcf7-form-control wpcf7-text wpcf7-validates-as-required\" aria-required=\"true\" aria-invalid=\"false\" placeholder=\"Entrez votre pr\u00e9nom\" value=\"\" type=\"text\" name=\"your-first-name\" \/><\/span>\n\t\t<\/p>\n\t<\/div>\n\t<div class=\"col-md-6\">\n\t\t<p>Nom<br \/>\n<span class=\"wpcf7-form-control-wrap\" data-name=\"your-last-name\"><input size=\"40\" maxlength=\"400\" class=\"wpcf7-form-control wpcf7-text wpcf7-validates-as-required\" aria-required=\"true\" aria-invalid=\"false\" placeholder=\"Entrez votre nom\" value=\"\" type=\"text\" name=\"your-last-name\" \/><\/span>\n\t\t<\/p>\n\t<\/div>\n\t<div  class=\"col-md-6\">\n\t\t<p>T\u00e9l\u00e9phone<br \/>\n<span class=\"wpcf7-form-control-wrap\" data-name=\"phone\"><input size=\"40\" maxlength=\"400\" class=\"wpcf7-form-control wpcf7-tel wpcf7-validates-as-required wpcf7-text wpcf7-validates-as-tel\" aria-required=\"true\" aria-invalid=\"false\" placeholder=\"Entrez votre num\u00e9ro de t\u00e9l\u00e9phone\" value=\"\" type=\"tel\" name=\"phone\" \/><\/span>\n\t\t<\/p>\n\t<\/div>\n\t<div class=\"col-md-12\">\n\t\t<p>E-mail<br \/>\n<span class=\"wpcf7-form-control-wrap\" data-name=\"email\"><input size=\"40\" maxlength=\"400\" class=\"wpcf7-form-control wpcf7-email wpcf7-validates-as-required wpcf7-text wpcf7-validates-as-email\" aria-required=\"true\" aria-invalid=\"false\" placeholder=\"Entrez votre e-mail\" value=\"\" type=\"email\" name=\"email\" \/><\/span>\n\t\t<\/p>\n\t<\/div>\n\t<div class=\"col-md-12\">\n\t\t<p>Message<br \/>\n<span class=\"wpcf7-form-control-wrap\" data-name=\"your-message\"><textarea cols=\"40\" rows=\"10\" maxlength=\"2000\" class=\"wpcf7-form-control wpcf7-textarea wpcf7-validates-as-required\" aria-required=\"true\" aria-invalid=\"false\" placeholder=\"Entrez votre message\" name=\"your-message\"><\/textarea><\/span>\n\t\t<\/p>\n\t<\/div>\n\t<div class=\"col-md-12\">\n\t\t<p><input class=\"wpcf7-form-control wpcf7-submit has-spinner\" type=\"submit\" value=\"Envoyer\" \/>\n\t\t<\/p>\n\t<\/div>\n<\/div><div class=\"wpcf7-response-output\" aria-hidden=\"true\"><\/div>\n<\/form>\n<\/div>\n[\/vc_column][vc_column width=&#8221;1\/2&#8243;][vc_single_image image=&#8221;4489&#8243; img_size=&#8221;full&#8221; css=&#8221;.vc_custom_1741771912676{padding-left: 35px !important;}&#8221;][\/vc_column][\/vc_row][vc_row css_animation=&#8221;fadeIn&#8221; disable_element=&#8221;yes&#8221; el_class=&#8221;heading-title&#8221; css=&#8221;.vc_custom_1740361705454{margin-top: 30px !important;margin-bottom: 0px !important;}&#8221;][vc_column el_class=&#8221;feature-v1&#8243;][vc_column_text css=&#8221;.vc_custom_1606994744166{margin-bottom: 0px !important;}&#8221;]<\/p>\n<h2><span class=\"first-word\">Nous<\/span> contacter<\/h2>\n<div class=\"decorative-icon\">\n<p class=\"icon-left\">.<\/p>\n<p class=\"icon-center\">.<\/p>\n<p class=\"icon-right\">.<\/p>\n<\/div>\n<p>[\/vc_column_text][vc_column_text css=&#8221;.vc_custom_1606994806921{margin-bottom: 0px !important;padding-top: 0px !important;padding-bottom: 50px !important;}&#8221;]Merci de remplir le formulaire ci-dessous pour nous contacter.<\/p>\n<p><em>Tous les champs sont obligatoires.<\/em>[\/vc_column_text][\/vc_column][\/vc_row][vc_row disable_element=&#8221;yes&#8221; css=&#8221;.vc_custom_1740361690047{margin-bottom: 15px !important;}&#8221;][vc_column el_class=&#8221;contact_form&#8221;][\/vc_column][\/vc_row][vc_row full_width=&#8221;stretch_row&#8221; layout=&#8221;ftc-row-boxed&#8221; enable_parallax=&#8221;&#8221; css=&#8221;.vc_custom_1607065936920{margin-top: 0px !important;margin-bottom: 0px !important;background-color: #00434f !important;}&#8221; el_class=&#8221;contact_info&#8221;][vc_column el_class=&#8221;contact_info_map&#8221;][vc_raw_html css=&#8221;.vc_custom_1607065896481{margin-bottom: 0px !important;}&#8221;]JTNDdWwlM0UlMEElMjAlMDklM0NsaSUzRTY4NSUyMHJ1ZSUyMGR1JTIwQ2VudHJlJTJDJTIwNzQyNjAlMjBMZXMlMjBHZXRzJTNDJTJGbGklM0UlMEElMjAlMDklM0NsaSUzRSUzQ2ElMjBocmVmJTNEJTIydGVsJTNBJTJCMzMwNDUwNzU4MzczJTIyJTNFJTJCMzMlMjAlMjgwJTI5JTIwNCUyMDUwJTIwNzUlMjA4MyUyMDczJTNDJTJGYSUzRSUzQyUyRmxpJTNFJTBBJTIwJTA5JTNDbGklM0UlM0NhJTIwaHJlZiUzRCUyMm1haWx0byUzQWNvbnRhY3QlNDB1bmFtb3VyZGVub2VsLmNvbSUyMiUzRWNvbnRhY3QlNDB1bmFtb3VyZGVub2VsLmNvbSUzQyUyRmElM0UlM0MlMkZsaSUzRSUwQSUyMCUwOSUzQ2xpJTNFJTBBJTNDYSUyMGNsYXNzJTNEJTIyaW5zdGFncmFtJTIyJTIwaHJlZiUzRCUyMmh0dHBzJTNBJTJGJTJGaW5zdGFncmFtLmNvbSUyRnVuLmFtb3VyLmRlLm5vZWwlMjIlMjB0YXJnZXQlM0QlMjJfYmxhbmslMjIlMjByZWwlM0QlMjJub29wZW5lciUyMG5vcmVmZXJyZXIlMjIlM0UlM0NzcGFuJTIwY2xhc3MlM0QlMjJmdGMtdG9vbHRpcCUyMHNvY2lhbC10b29sdGlwJTIyJTNFJTNDaSUyMGNsYXNzJTNEJTIyZmElMjBmYS1pbnN0YWdyYW0lMjIlM0UlM0MlMkZpJTNFJTNDJTJGc3BhbiUzRSUzQyUyRmElM0UlMEElMjAlM0NhJTIwY2xhc3MlM0QlMjJmYWNlYm9vayUyMiUyMGhyZWYlM0QlMjJodHRwcyUzQSUyRiUyRnd3dy5mYWNlYm9vay5jb20lMkYlMjMlMjIlMjB0YXJnZXQlM0QlMjJfYmxhbmslMjIlMjByZWwlM0QlMjJub29wZW5lciUyMG5vcmVmZXJyZXIlMjIlM0UlM0NzcGFuJTIwY2xhc3MlM0QlMjJmdGMtdG9vbHRpcCUyMHNvY2lhbC10b29sdGlwJTIyJTNFJTIwJTNDaSUyMGNsYXNzJTNEJTIyZmElMjBmYS1mYWNlYm9vayUyMiUzRSUzQyUyRmklM0UlM0MlMkZzcGFuJTNFJTNDJTJGYSUzRSUwQSUyMCUwOSUzQ2ElMjBjbGFzcyUzRCUyMnBpbnRlcmVzdCUyMiUyMGhyZWYlM0QlMjJodHRwcyUzQSUyRiUyRnd3dy5iZWhhbmNlLmNvbSUyRiUyMyUyMiUyMHRhcmdldCUzRCUyMl9ibGFuayUyMiUyMHJlbCUzRCUyMm5vb3BlbmVyJTIwbm9yZWZlcnJlciUyMiUzRSUzQ3NwYW4lMjBjbGFzcyUzRCUyMmZ0Yy10b29sdGlwJTIwc29jaWFsLXRvb2x0aXAlMjIlM0UlMjAlM0NpJTIwY2xhc3MlM0QlMjJmYSUyMGZhLXBpbnRlcmVzdCUyMiUzRSUzQyUyRmklM0UlM0MlMkZzcGFuJTNFJTNDJTJGYSUzRSUwQSUzQyUyRnVsJTNF[\/vc_raw_html][\/vc_column][\/vc_row]<\/p>\n","protected":false},"excerpt":{"rendered":"<p>[vc_row full_width=&#8221;stretch_row&#8221; content_placement=&#8221;middle&#8221; css=&#8221;.vc_custom_1740399294624{background-image: url(https:\/\/www.unamourdenoel.com\/wp-content\/uploads\/2020\/12\/slide-1.jpg?id=4125) !important;background-position: center !important;background-repeat: no-repeat !important;background-size: cover !important;}&#8221; el_class=&#8221;banner-top&#8221;][vc_column][vc_column_text] Contact Envie d\u2019un int\u00e9rieur qui vous ressemble ? Parlons-en ! [\/vc_column_text][\/vc_column][\/vc_row][vc_row el_class=&#8221;st-image ct-1&#8243; css=&#8221;.vc_custom_1741771626768{margin-top: 60px !important;margin-bottom: 60px !important;background-color: #f1f1f1 !important;}&#8221;][vc_column width=&#8221;1\/2&#8243;][vc_column_text] Un Amour de No\u00ebl Une question, un projet, une envie de d\u00e9coration ? [\/vc_column_text][vc_btn title=&#8221;+33 (0) 6 13 02 39 82&#8243; &hellip; <\/p>\n<p class=\"link-more\"><a href=\"https:\/\/www.unamourdenoel.com\/en\/contact\/\" class=\"more-link\">Continue reading<span class=\"screen-reader-text\"> &#8220;Contact&#8221;<\/span><\/a><\/p>\n","protected":false},"author":1,"featured_media":0,"parent":0,"menu_order":0,"comment_status":"closed","ping_status":"closed","template":"template-contact.php","meta":{"_acf_changed":false,"_monsterinsights_skip_tracking":false,"_monsterinsights_sitenote_active":false,"_monsterinsights_sitenote_note":"","_monsterinsights_sitenote_category":0,"footnotes":""},"class_list":["post-801","page","type-page","status-publish","hentry"],"acf":[],"yoast_head":"<!-- This site is optimized with the Yoast SEO plugin v27.3 - https:\/\/yoast.com\/product\/yoast-seo-wordpress\/ -->\n<title>Contact - Un Amour de No\u00ebl<\/title>\n<meta name=\"robots\" content=\"index, follow, max-snippet:-1, max-image-preview:large, max-video-preview:-1\" \/>\n<link rel=\"canonical\" href=\"https:\/\/www.unamourdenoel.com\/contact\/\" \/>\n<meta property=\"og:locale\" content=\"en_US\" \/>\n<meta property=\"og:type\" content=\"article\" \/>\n<meta property=\"og:title\" content=\"Contact - Un Amour de No\u00ebl\" \/>\n<meta property=\"og:description\" content=\"[vc_row full_width=&#8221;stretch_row&#8221; content_placement=&#8221;middle&#8221; css=&#8221;.vc_custom_1740399294624{background-image: url(https:\/\/www.unamourdenoel.com\/wp-content\/uploads\/2020\/12\/slide-1.jpg?id=4125) !important;background-position: center !important;background-repeat: no-repeat !important;background-size: cover !important;}&#8221; el_class=&#8221;banner-top&#8221;][vc_column][vc_column_text] Contact Envie d\u2019un int\u00e9rieur qui vous ressemble ? Parlons-en ! [\/vc_column_text][\/vc_column][\/vc_row][vc_row el_class=&#8221;st-image ct-1&#8243; css=&#8221;.vc_custom_1741771626768{margin-top: 60px !important;margin-bottom: 60px !important;background-color: #f1f1f1 !important;}&#8221;][vc_column width=&#8221;1\/2&#8243;][vc_column_text] Un Amour de No\u00ebl Une question, un projet, une envie de d\u00e9coration ? [\/vc_column_text][vc_btn title=&#8221;+33 (0) 6 13 02 39 82&#8243; &hellip; Continue reading &quot;Contact&quot;\" \/>\n<meta property=\"og:url\" content=\"https:\/\/www.unamourdenoel.com\/contact\/\" \/>\n<meta property=\"og:site_name\" content=\"Un Amour de No\u00ebl\" \/>\n<meta property=\"article:modified_time\" content=\"2025-03-12T09:43:36+00:00\" \/>\n<meta name=\"twitter:card\" content=\"summary_large_image\" \/>\n<meta name=\"twitter:label1\" content=\"Est. reading time\" \/>\n\t<meta name=\"twitter:data1\" content=\"1 minute\" \/>\n<script type=\"application\/ld+json\" class=\"yoast-schema-graph\">{\"@context\":\"https:\\\/\\\/schema.org\",\"@graph\":[{\"@type\":\"WebPage\",\"@id\":\"https:\\\/\\\/www.unamourdenoel.com\\\/contact\\\/\",\"url\":\"https:\\\/\\\/www.unamourdenoel.com\\\/contact\\\/\",\"name\":\"Contact - Un Amour de No\u00ebl\",\"isPartOf\":{\"@id\":\"https:\\\/\\\/www.unamourdenoel.com\\\/#website\"},\"datePublished\":\"2017-03-20T06:40:31+00:00\",\"dateModified\":\"2025-03-12T09:43:36+00:00\",\"breadcrumb\":{\"@id\":\"https:\\\/\\\/www.unamourdenoel.com\\\/contact\\\/#breadcrumb\"},\"inLanguage\":\"en-US\",\"potentialAction\":[{\"@type\":\"ReadAction\",\"target\":[\"https:\\\/\\\/www.unamourdenoel.com\\\/contact\\\/\"]}]},{\"@type\":\"BreadcrumbList\",\"@id\":\"https:\\\/\\\/www.unamourdenoel.com\\\/contact\\\/#breadcrumb\",\"itemListElement\":[{\"@type\":\"ListItem\",\"position\":1,\"name\":\"Home\",\"item\":\"https:\\\/\\\/www.unamourdenoel.com\\\/\"},{\"@type\":\"ListItem\",\"position\":2,\"name\":\"Contact\"}]},{\"@type\":\"WebSite\",\"@id\":\"https:\\\/\\\/www.unamourdenoel.com\\\/#website\",\"url\":\"https:\\\/\\\/www.unamourdenoel.com\\\/\",\"name\":\"Un Amour de No\u00ebl\",\"description\":\"Boutique, d\u00e9coration int\u00e9rieur, am\u00e9nagement\",\"publisher\":{\"@id\":\"https:\\\/\\\/www.unamourdenoel.com\\\/#organization\"},\"potentialAction\":[{\"@type\":\"SearchAction\",\"target\":{\"@type\":\"EntryPoint\",\"urlTemplate\":\"https:\\\/\\\/www.unamourdenoel.com\\\/?s={search_term_string}\"},\"query-input\":{\"@type\":\"PropertyValueSpecification\",\"valueRequired\":true,\"valueName\":\"search_term_string\"}}],\"inLanguage\":\"en-US\"},{\"@type\":\"Organization\",\"@id\":\"https:\\\/\\\/www.unamourdenoel.com\\\/#organization\",\"name\":\"Un amour de no\u00ebl\",\"url\":\"https:\\\/\\\/www.unamourdenoel.com\\\/\",\"logo\":{\"@type\":\"ImageObject\",\"inLanguage\":\"en-US\",\"@id\":\"https:\\\/\\\/www.unamourdenoel.com\\\/#\\\/schema\\\/logo\\\/image\\\/\",\"url\":\"https:\\\/\\\/www.unamourdenoel.com\\\/wp-content\\\/uploads\\\/2020\\\/12\\\/logo-AN-vecto-min.png\",\"contentUrl\":\"https:\\\/\\\/www.unamourdenoel.com\\\/wp-content\\\/uploads\\\/2020\\\/12\\\/logo-AN-vecto-min.png\",\"width\":853,\"height\":872,\"caption\":\"Un amour de no\u00ebl\"},\"image\":{\"@id\":\"https:\\\/\\\/www.unamourdenoel.com\\\/#\\\/schema\\\/logo\\\/image\\\/\"},\"sameAs\":[\"https:\\\/\\\/www.instagram.com\\\/un.amour.de.noel\\\/\"]}]}<\/script>\n<!-- \/ Yoast SEO plugin. -->","yoast_head_json":{"title":"Contact - Un Amour de No\u00ebl","robots":{"index":"index","follow":"follow","max-snippet":"max-snippet:-1","max-image-preview":"max-image-preview:large","max-video-preview":"max-video-preview:-1"},"canonical":"https:\/\/www.unamourdenoel.com\/contact\/","og_locale":"en_US","og_type":"article","og_title":"Contact - Un Amour de No\u00ebl","og_description":"[vc_row full_width=&#8221;stretch_row&#8221; content_placement=&#8221;middle&#8221; css=&#8221;.vc_custom_1740399294624{background-image: url(https:\/\/www.unamourdenoel.com\/wp-content\/uploads\/2020\/12\/slide-1.jpg?id=4125) !important;background-position: center !important;background-repeat: no-repeat !important;background-size: cover !important;}&#8221; el_class=&#8221;banner-top&#8221;][vc_column][vc_column_text] Contact Envie d\u2019un int\u00e9rieur qui vous ressemble ? Parlons-en ! [\/vc_column_text][\/vc_column][\/vc_row][vc_row el_class=&#8221;st-image ct-1&#8243; css=&#8221;.vc_custom_1741771626768{margin-top: 60px !important;margin-bottom: 60px !important;background-color: #f1f1f1 !important;}&#8221;][vc_column width=&#8221;1\/2&#8243;][vc_column_text] Un Amour de No\u00ebl Une question, un projet, une envie de d\u00e9coration ? [\/vc_column_text][vc_btn title=&#8221;+33 (0) 6 13 02 39 82&#8243; &hellip; Continue reading \"Contact\"","og_url":"https:\/\/www.unamourdenoel.com\/contact\/","og_site_name":"Un Amour de No\u00ebl","article_modified_time":"2025-03-12T09:43:36+00:00","twitter_card":"summary_large_image","twitter_misc":{"Est. reading time":"1 minute"},"schema":{"@context":"https:\/\/schema.org","@graph":[{"@type":"WebPage","@id":"https:\/\/www.unamourdenoel.com\/contact\/","url":"https:\/\/www.unamourdenoel.com\/contact\/","name":"Contact - Un Amour de No\u00ebl","isPartOf":{"@id":"https:\/\/www.unamourdenoel.com\/#website"},"datePublished":"2017-03-20T06:40:31+00:00","dateModified":"2025-03-12T09:43:36+00:00","breadcrumb":{"@id":"https:\/\/www.unamourdenoel.com\/contact\/#breadcrumb"},"inLanguage":"en-US","potentialAction":[{"@type":"ReadAction","target":["https:\/\/www.unamourdenoel.com\/contact\/"]}]},{"@type":"BreadcrumbList","@id":"https:\/\/www.unamourdenoel.com\/contact\/#breadcrumb","itemListElement":[{"@type":"ListItem","position":1,"name":"Home","item":"https:\/\/www.unamourdenoel.com\/"},{"@type":"ListItem","position":2,"name":"Contact"}]},{"@type":"WebSite","@id":"https:\/\/www.unamourdenoel.com\/#website","url":"https:\/\/www.unamourdenoel.com\/","name":"Un Amour de No\u00ebl","description":"Boutique, d\u00e9coration int\u00e9rieur, am\u00e9nagement","publisher":{"@id":"https:\/\/www.unamourdenoel.com\/#organization"},"potentialAction":[{"@type":"SearchAction","target":{"@type":"EntryPoint","urlTemplate":"https:\/\/www.unamourdenoel.com\/?s={search_term_string}"},"query-input":{"@type":"PropertyValueSpecification","valueRequired":true,"valueName":"search_term_string"}}],"inLanguage":"en-US"},{"@type":"Organization","@id":"https:\/\/www.unamourdenoel.com\/#organization","name":"Un amour de no\u00ebl","url":"https:\/\/www.unamourdenoel.com\/","logo":{"@type":"ImageObject","inLanguage":"en-US","@id":"https:\/\/www.unamourdenoel.com\/#\/schema\/logo\/image\/","url":"https:\/\/www.unamourdenoel.com\/wp-content\/uploads\/2020\/12\/logo-AN-vecto-min.png","contentUrl":"https:\/\/www.unamourdenoel.com\/wp-content\/uploads\/2020\/12\/logo-AN-vecto-min.png","width":853,"height":872,"caption":"Un amour de no\u00ebl"},"image":{"@id":"https:\/\/www.unamourdenoel.com\/#\/schema\/logo\/image\/"},"sameAs":["https:\/\/www.instagram.com\/un.amour.de.noel\/"]}]}},"_links":{"self":[{"href":"https:\/\/www.unamourdenoel.com\/en\/wp-json\/wp\/v2\/pages\/801","targetHints":{"allow":["GET"]}}],"collection":[{"href":"https:\/\/www.unamourdenoel.com\/en\/wp-json\/wp\/v2\/pages"}],"about":[{"href":"https:\/\/www.unamourdenoel.com\/en\/wp-json\/wp\/v2\/types\/page"}],"author":[{"embeddable":true,"href":"https:\/\/www.unamourdenoel.com\/en\/wp-json\/wp\/v2\/users\/1"}],"replies":[{"embeddable":true,"href":"https:\/\/www.unamourdenoel.com\/en\/wp-json\/wp\/v2\/comments?post=801"}],"version-history":[{"count":87,"href":"https:\/\/www.unamourdenoel.com\/en\/wp-json\/wp\/v2\/pages\/801\/revisions"}],"predecessor-version":[{"id":5131,"href":"https:\/\/www.unamourdenoel.com\/en\/wp-json\/wp\/v2\/pages\/801\/revisions\/5131"}],"wp:attachment":[{"href":"https:\/\/www.unamourdenoel.com\/en\/wp-json\/wp\/v2\/media?parent=801"}],"curies":[{"name":"wp","href":"https:\/\/api.w.org\/{rel}","templated":true}]}}