{"id":813,"date":"2017-03-20T08:27:50","date_gmt":"2017-03-20T08:27:50","guid":{"rendered":"https:\/\/demo.themeftc.com\/credo\/\/\/?page_id=813"},"modified":"2025-02-21T08:04:54","modified_gmt":"2025-02-21T07:04:54","slug":"prestations","status":"publish","type":"page","link":"https:\/\/www.unamourdenoel.com\/en\/prestations\/","title":{"rendered":"Prestations"},"content":{"rendered":"<p>[vc_row css_animation=&#8221;fadeIn&#8221; el_class=&#8221;heading-title&#8221; css=&#8221;.vc_custom_1606872715326{margin-top: 35px !important;margin-bottom: 60px !important;}&#8221;][vc_column el_class=&#8221;feature-v1&#8243;][vc_column_text css=&#8221;.vc_custom_1606840842243{margin-bottom: 0px !important;}&#8221;]<\/p>\n<h2><span class=\"first-word\">Et si nous discutions <\/span> des diff\u00e9rentes \u00e9tapes de notre future collaboration ?<\/h2>\n<div class=\"decorative-icon\">\n<p class=\"icon-left\">.<\/p>\n<p class=\"icon-center\">.<\/p>\n<p class=\"icon-right\">.<\/p>\n<\/div>\n<p>[\/vc_column_text][\/vc_column][\/vc_row][vc_row css_animation=&#8221;fadeIn&#8221; css=&#8221;.vc_custom_1606871263499{margin-top: 15px !important;margin-bottom: 15px !important;}&#8221; el_class=&#8221;about-us about-us-custom&#8221;][vc_column width=&#8221;1\/2&#8243; css=&#8221;.vc_custom_1606811406947{padding-right: 0px !important;}&#8221;]\t\t<div class=\"ftc-smooth-image smooth-image ftc-smooth\">\n\t\t\t\t\t\t\t<img loading=\"lazy\" decoding=\"async\" width=\"1024\" height=\"683\" src=\"https:\/\/www.unamourdenoel.com\/wp-content\/uploads\/2020\/12\/DMP6782-WEB\u220fdavid-machet-1024x683-1.jpg\" class=\"img\" alt=\"\" srcset=\"https:\/\/www.unamourdenoel.com\/wp-content\/uploads\/2020\/12\/DMP6782-WEB\u220fdavid-machet-1024x683-1.jpg 1024w, https:\/\/www.unamourdenoel.com\/wp-content\/uploads\/2020\/12\/DMP6782-WEB\u220fdavid-machet-1024x683-1-300x200.jpg 300w, https:\/\/www.unamourdenoel.com\/wp-content\/uploads\/2020\/12\/DMP6782-WEB\u220fdavid-machet-1024x683-1-768x512.jpg 768w, https:\/\/www.unamourdenoel.com\/wp-content\/uploads\/2020\/12\/DMP6782-WEB\u220fdavid-machet-1024x683-1-600x400.jpg 600w\" sizes=\"auto, (max-width: 1024px) 100vw, 1024px\" \/> \n\t\t\t\t\t<\/div>\n\t\t[\/vc_column][vc_column width=&#8221;1\/2&#8243; css=&#8221;.vc_custom_1606811312555{padding-left: 0px !important;}&#8221; el_class=&#8221;our-story&#8221;][vc_column_text css=&#8221;.vc_custom_1606818278695{margin-bottom: 0px !important;}&#8221;]<\/p>\n<h3>LA RENCONTRE<\/h3>\n<p>L\u2019\u00e9tape sans doute la plus importante : L\u2019\u00e9coute et le ressenti. Quel am\u00e9nagement aviez-vous imagin\u00e9 ? Quels sont vos go\u00fbts et \u2026 vos d\u00e9go\u00fbts? Quelle place vos amis ou enfants occuperont-ils dans la surface au sol ?<\/p>\n<p><strong>NOTRE OBJECTIF :<\/strong><br \/>\nComprendre vos besoins dans le respect de ce qui est r\u00e9alisable (cahier des charges et budget) mais aussi approcher votre imaginaire et vos r\u00eaves.[\/vc_column_text][\/vc_column][\/vc_row][vc_row css_animation=&#8221;fadeIn&#8221; css=&#8221;.vc_custom_1606871274008{margin-top: 15px !important;margin-bottom: 15px !important;}&#8221; el_class=&#8221;about-us about-us-custom&#8221;][vc_column width=&#8221;1\/2&#8243; css=&#8221;.vc_custom_1606811328463{padding-right: 0px !important;}&#8221; el_class=&#8221;our-story&#8221;][vc_column_text css=&#8221;.vc_custom_1606818334465{margin-bottom: 0px !important;}&#8221;]<\/p>\n<h3 class=\"elementor-heading-title elementor-size-default\">LE CAHIER DES TENDANCES<\/h3>\n<p>Un travail de documentation \u00e0 quatre mains o\u00f9 guid\u00e9es par notre exp\u00e9rience de terrain, nous donnons libre cours \u00e0 notre inspiration: imagination et sensibilit\u00e9 sont de mise pour une s\u00e9lection \u00e9clectique et personnalis\u00e9e. Deux ou trois tendances peuvent vous \u00eatre propos\u00e9es.<\/p>\n<p>Mat\u00e9riaux textiles et autres\u2026 photos, croquis et suggestions griffonn\u00e9es assembl\u00e9s sur un moodboard dynamisent nos choix. Un travail de s\u00e9lection s\u2019est op\u00e9r\u00e9 de fa\u00e7on drastique, les id\u00e9es se sont structur\u00e9es.<\/p>\n<p><strong>NOTRE OBJECTIF :<\/strong><br \/>\nD\u00e9terminer la direction artistique du projet.[\/vc_column_text][\/vc_column][vc_column width=&#8221;1\/2&#8243; css=&#8221;.vc_custom_1606794891148{padding-left: 0px !important;}&#8221;]\t\t<div class=\"ftc-smooth-image smooth-image ftc-smooth\">\n\t\t\t\t\t\t\t<img loading=\"lazy\" decoding=\"async\" width=\"480\" height=\"640\" src=\"https:\/\/www.unamourdenoel.com\/wp-content\/uploads\/2021\/03\/Notre-pre\u0301fe\u0301rence-salon-rotated.jpg\" class=\"img\" alt=\"\" srcset=\"https:\/\/www.unamourdenoel.com\/wp-content\/uploads\/2021\/03\/Notre-pre\u0301fe\u0301rence-salon-rotated.jpg 480w, https:\/\/www.unamourdenoel.com\/wp-content\/uploads\/2021\/03\/Notre-pre\u0301fe\u0301rence-salon-225x300.jpg 225w\" sizes=\"auto, (max-width: 480px) 100vw, 480px\" \/> \n\t\t\t\t\t<\/div>\n\t\t[\/vc_column][\/vc_row][vc_row css_animation=&#8221;fadeIn&#8221; css=&#8221;.vc_custom_1606871286785{margin-top: 15px !important;margin-bottom: 15px !important;}&#8221; el_class=&#8221;about-us about-us-custom&#8221;][vc_column width=&#8221;1\/2&#8243; css=&#8221;.vc_custom_1606811406947{padding-right: 0px !important;}&#8221;]\t\t<div class=\"ftc-smooth-image smooth-image ftc-smooth\">\n\t\t\t\t\t\t\t<img loading=\"lazy\" decoding=\"async\" width=\"650\" height=\"650\" src=\"https:\/\/www.unamourdenoel.com\/wp-content\/uploads\/2020\/12\/DMP6788-WEB\u220fdavid-machet-650x650-1.jpg\" class=\"img\" alt=\"\" srcset=\"https:\/\/www.unamourdenoel.com\/wp-content\/uploads\/2020\/12\/DMP6788-WEB\u220fdavid-machet-650x650-1.jpg 650w, https:\/\/www.unamourdenoel.com\/wp-content\/uploads\/2020\/12\/DMP6788-WEB\u220fdavid-machet-650x650-1-300x300.jpg 300w, https:\/\/www.unamourdenoel.com\/wp-content\/uploads\/2020\/12\/DMP6788-WEB\u220fdavid-machet-650x650-1-150x150.jpg 150w, https:\/\/www.unamourdenoel.com\/wp-content\/uploads\/2020\/12\/DMP6788-WEB\u220fdavid-machet-650x650-1-100x100.jpg 100w, https:\/\/www.unamourdenoel.com\/wp-content\/uploads\/2020\/12\/DMP6788-WEB\u220fdavid-machet-650x650-1-600x600.jpg 600w\" sizes=\"auto, (max-width: 650px) 100vw, 650px\" \/> \n\t\t\t\t\t<\/div>\n\t\t[\/vc_column][vc_column width=&#8221;1\/2&#8243; css=&#8221;.vc_custom_1606811312555{padding-left: 0px !important;}&#8221; el_class=&#8221;our-story&#8221;][vc_column_text css=&#8221;.vc_custom_1606818377129{margin-bottom: 0px !important;}&#8221;]<\/p>\n<h3 class=\"elementor-heading-title elementor-size-default\">DIALOGUE ET S\u00c9LECTION<\/h3>\n<p>Sur la base des plans d\u2019implantation et techniques fournis, nous visualisons ensemble l\u2019encombrement au sol et les contraintes qui en d\u00e9coulent.<\/p>\n<p>Pr\u00e9sentation et validation des inspirations retenues \u00e0 partir du cahier des tendances \u00e9tabli par nos soins. L\u2019approche budg\u00e9taire se pr\u00e9cise\u2026<\/p>\n<p><strong>NOTRE OBJECTIF :<\/strong><br \/>\nS\u00e9lectionner et valider d\u00e9finitivement les ambiances ainsi que tout ce qui s\u2019y rapporte : les rev\u00eatements muraux (bardage bois ou autre, tapisserie ou peinture), les sols, le mobilier, les rideaux, les accessoires etc \u2026[\/vc_column_text][\/vc_column][\/vc_row][vc_row css_animation=&#8221;fadeIn&#8221; css=&#8221;.vc_custom_1606871298303{margin-top: 15px !important;margin-bottom: 15px !important;}&#8221; el_class=&#8221;about-us about-us-custom&#8221;][vc_column width=&#8221;1\/2&#8243; css=&#8221;.vc_custom_1606811328463{padding-right: 0px !important;}&#8221; el_class=&#8221;our-story&#8221;][vc_column_text css=&#8221;.vc_custom_1606869685725{margin-bottom: 0px !important;}&#8221;]<\/p>\n<h3>L&#8217;APPROCHE GRAPHIQUE<\/h3>\n<p>Nous travaillons en collaboration \u00e9troite avec le graphiste afin qu\u2019il illustre les choix et atmosph\u00e8res des pi\u00e8ces plus complexes. Un excellent crashtest\u2026<\/p>\n<p><strong>NOTRE OBJECTIF :<\/strong><br \/>\nVous permettre de mieux vous projeter dans l\u2019ambiance g\u00e9n\u00e9rale d\u2019un rendu harmonieux et \u00e9quilibr\u00e9. Le r\u00eave prend forme.[\/vc_column_text][\/vc_column][vc_column width=&#8221;1\/2&#8243; css=&#8221;.vc_custom_1606794891148{padding-left: 0px !important;}&#8221;]\t\t<div class=\"ftc-smooth-image smooth-image ftc-smooth\">\n\t\t\t\t\t\t\t<img loading=\"lazy\" decoding=\"async\" width=\"713\" height=\"520\" src=\"https:\/\/www.unamourdenoel.com\/wp-content\/uploads\/2020\/12\/Screenshot_12-min.png\" class=\"img\" alt=\"\" srcset=\"https:\/\/www.unamourdenoel.com\/wp-content\/uploads\/2020\/12\/Screenshot_12-min.png 713w, https:\/\/www.unamourdenoel.com\/wp-content\/uploads\/2020\/12\/Screenshot_12-min-300x219.png 300w, https:\/\/www.unamourdenoel.com\/wp-content\/uploads\/2020\/12\/Screenshot_12-min-600x438.png 600w\" sizes=\"auto, (max-width: 713px) 100vw, 713px\" \/> \n\t\t\t\t\t<\/div>\n\t\t[\/vc_column][\/vc_row][vc_row css_animation=&#8221;fadeIn&#8221; css=&#8221;.vc_custom_1606871308848{margin-top: 15px !important;margin-bottom: 15px !important;}&#8221; el_class=&#8221;about-us about-us-custom&#8221;][vc_column width=&#8221;1\/2&#8243; css=&#8221;.vc_custom_1606811406947{padding-right: 0px !important;}&#8221;]\t\t<div class=\"ftc-smooth-image smooth-image ftc-smooth\">\n\t\t\t\t\t\t\t<img loading=\"lazy\" decoding=\"async\" width=\"650\" height=\"650\" src=\"https:\/\/www.unamourdenoel.com\/wp-content\/uploads\/2021\/03\/budget.jpeg\" class=\"img\" alt=\"\" srcset=\"https:\/\/www.unamourdenoel.com\/wp-content\/uploads\/2021\/03\/budget.jpeg 650w, https:\/\/www.unamourdenoel.com\/wp-content\/uploads\/2021\/03\/budget-300x300.jpeg 300w, https:\/\/www.unamourdenoel.com\/wp-content\/uploads\/2021\/03\/budget-150x150.jpeg 150w, https:\/\/www.unamourdenoel.com\/wp-content\/uploads\/2021\/03\/budget-100x100.jpeg 100w, https:\/\/www.unamourdenoel.com\/wp-content\/uploads\/2021\/03\/budget-600x600.jpeg 600w\" sizes=\"auto, (max-width: 650px) 100vw, 650px\" \/> \n\t\t\t\t\t<\/div>\n\t\t[\/vc_column][vc_column width=&#8221;1\/2&#8243; css=&#8221;.vc_custom_1606811312555{padding-left: 0px !important;}&#8221; el_class=&#8221;our-story&#8221;][vc_column_text css=&#8221;.vc_custom_1606869878814{margin-bottom: 0px !important;}&#8221;]<\/p>\n<h3>LE BUDGET<\/h3>\n<p>Dans le respect de vos choix et du d\u00e9lai imparti, une pr\u00e9vision budg\u00e9taire vous est adress\u00e9e dans un document excel pour une meilleure vue d\u2019ensemble et compr\u00e9hension des t\u00e2ches ex\u00e9cut\u00e9es par nos soins.<\/p>\n<p><strong>NOTRE OBJECTIF :<\/strong><br \/>\nUn projet <strong>parfaitement anticip\u00e9<\/strong> qui r\u00e9pond \u00e0 vos attentes.[\/vc_column_text][\/vc_column][\/vc_row][vc_row css_animation=&#8221;fadeIn&#8221; css=&#8221;.vc_custom_1606871321408{margin-top: 15px !important;margin-bottom: 15px !important;}&#8221; el_class=&#8221;about-us about-us-custom&#8221;][vc_column width=&#8221;1\/2&#8243; css=&#8221;.vc_custom_1606811328463{padding-right: 0px !important;}&#8221; el_class=&#8221;our-story&#8221;][vc_column_text css=&#8221;.vc_custom_1606869629766{margin-bottom: 0px !important;}&#8221;]<\/p>\n<h3>SUIVI<\/h3>\n<p>Sur une base hebdomadaire, nous vous tenons inform\u00e9s des diff\u00e9rentes avanc\u00e9es du projet concernant :<\/p>\n<ul>\n<li>la confirmation des commandes de votre s\u00e9lection<\/li>\n<li>les dates pr\u00e9vues de leur livraison, r\u00e9ception et stockage.<\/li>\n<li>le suivi du chantier par reportage photos incluant le compte rendu \u00e9ventuel de r\u00e9unions strat\u00e9giques.<\/li>\n<\/ul>\n<p><strong>NOTRE OBJECTIF :<\/strong><br \/>\nMalgr\u00e9 votre \u00e9loignement, vous \u00eates sensibilis\u00e9s \u00e0 chacune des \u00e9tapes en temps r\u00e9el.[\/vc_column_text][\/vc_column][vc_column width=&#8221;1\/2&#8243; css=&#8221;.vc_custom_1606794891148{padding-left: 0px !important;}&#8221;]\t\t<div class=\"ftc-smooth-image smooth-image ftc-smooth\">\n\t\t\t\t\t\t\t<img loading=\"lazy\" decoding=\"async\" width=\"818\" height=\"1024\" src=\"https:\/\/www.unamourdenoel.com\/wp-content\/uploads\/2020\/12\/DMP6819-WEB\u220fdavid-machet-e1602428185895-818x1024-1.jpg\" class=\"img\" alt=\"\" srcset=\"https:\/\/www.unamourdenoel.com\/wp-content\/uploads\/2020\/12\/DMP6819-WEB\u220fdavid-machet-e1602428185895-818x1024-1.jpg 818w, https:\/\/www.unamourdenoel.com\/wp-content\/uploads\/2020\/12\/DMP6819-WEB\u220fdavid-machet-e1602428185895-818x1024-1-240x300.jpg 240w, https:\/\/www.unamourdenoel.com\/wp-content\/uploads\/2020\/12\/DMP6819-WEB\u220fdavid-machet-e1602428185895-818x1024-1-768x961.jpg 768w, https:\/\/www.unamourdenoel.com\/wp-content\/uploads\/2020\/12\/DMP6819-WEB\u220fdavid-machet-e1602428185895-818x1024-1-600x751.jpg 600w\" sizes=\"auto, (max-width: 818px) 100vw, 818px\" \/> \n\t\t\t\t\t<\/div>\n\t\t[\/vc_column][\/vc_row][vc_row css_animation=&#8221;fadeIn&#8221; css=&#8221;.vc_custom_1606871330760{margin-top: 15px !important;margin-bottom: 15px !important;}&#8221; el_class=&#8221;about-us about-us-custom&#8221;][vc_column width=&#8221;1\/2&#8243; css=&#8221;.vc_custom_1606811406947{padding-right: 0px !important;}&#8221;]\t\t<div class=\"ftc-smooth-image smooth-image ftc-smooth\">\n\t\t\t\t\t\t\t<img loading=\"lazy\" decoding=\"async\" width=\"683\" height=\"1024\" src=\"https:\/\/www.unamourdenoel.com\/wp-content\/uploads\/2020\/12\/DMP5815-WEB\u00a9david-machet-683x1024-1.jpg\" class=\"img\" alt=\"\" srcset=\"https:\/\/www.unamourdenoel.com\/wp-content\/uploads\/2020\/12\/DMP5815-WEB\u00a9david-machet-683x1024-1.jpg 683w, https:\/\/www.unamourdenoel.com\/wp-content\/uploads\/2020\/12\/DMP5815-WEB\u00a9david-machet-683x1024-1-200x300.jpg 200w, https:\/\/www.unamourdenoel.com\/wp-content\/uploads\/2020\/12\/DMP5815-WEB\u00a9david-machet-683x1024-1-600x900.jpg 600w\" sizes=\"auto, (max-width: 683px) 100vw, 683px\" \/> \n\t\t\t\t\t<\/div>\n\t\t[\/vc_column][vc_column width=&#8221;1\/2&#8243; css=&#8221;.vc_custom_1606811312555{padding-left: 0px !important;}&#8221; el_class=&#8221;our-story&#8221;][vc_column_text css=&#8221;.vc_custom_1606818721683{margin-bottom: 0px !important;}&#8221;]<\/p>\n<h3 class=\"elementor-heading-title elementor-size-default\">LA REMISE DU CHANTIER<\/h3>\n<p>Trois jours intenses d\u2019am\u00e9nagement int\u00e9rieur\u2026<br \/>\nLes ambiances s\u2019installent : accessoirisation et suppl\u00e9ment d\u2019\u00e2me dans chacun des univers jusqu\u2019aux moindres d\u00e9tails. L\u2019aboutissement de notre collaboration est immortalis\u00e9 par un photographe professionnel.<\/p>\n<p>L\u2019\u00e9motion est palpable. Vous \u00eates attendus.[\/vc_column_text][\/vc_column][\/vc_row]<\/p>\n","protected":false},"excerpt":{"rendered":"<p>[vc_row css_animation=&#8221;fadeIn&#8221; el_class=&#8221;heading-title&#8221; css=&#8221;.vc_custom_1606872715326{margin-top: 35px !important;margin-bottom: 60px !important;}&#8221;][vc_column el_class=&#8221;feature-v1&#8243;][vc_column_text css=&#8221;.vc_custom_1606840842243{margin-bottom: 0px !important;}&#8221;] Et si nous discutions des diff\u00e9rentes \u00e9tapes de notre future collaboration ? . . . [\/vc_column_text][\/vc_column][\/vc_row][vc_row css_animation=&#8221;fadeIn&#8221; css=&#8221;.vc_custom_1606871263499{margin-top: 15px !important;margin-bottom: 15px !important;}&#8221; el_class=&#8221;about-us about-us-custom&#8221;][vc_column width=&#8221;1\/2&#8243; css=&#8221;.vc_custom_1606811406947{padding-right: 0px !important;}&#8221;][\/vc_column][vc_column width=&#8221;1\/2&#8243; css=&#8221;.vc_custom_1606811312555{padding-left: 0px !important;}&#8221; el_class=&#8221;our-story&#8221;][vc_column_text css=&#8221;.vc_custom_1606818278695{margin-bottom: 0px !important;}&#8221;] LA RENCONTRE L\u2019\u00e9tape sans doute la plus &hellip; <\/p>\n<p class=\"link-more\"><a href=\"https:\/\/www.unamourdenoel.com\/en\/prestations\/\" class=\"more-link\">Continue reading<span class=\"screen-reader-text\"> &#8220;Prestations&#8221;<\/span><\/a><\/p>\n","protected":false},"author":3,"featured_media":0,"parent":0,"menu_order":0,"comment_status":"closed","ping_status":"closed","template":"","meta":{"_acf_changed":false,"_monsterinsights_skip_tracking":false,"_monsterinsights_sitenote_active":false,"_monsterinsights_sitenote_note":"","_monsterinsights_sitenote_category":0,"footnotes":""},"class_list":["post-813","page","type-page","status-publish","hentry"],"acf":[],"yoast_head":"<!-- This site is optimized with the Yoast SEO plugin v27.3 - https:\/\/yoast.com\/product\/yoast-seo-wordpress\/ -->\n<title>Prestations - Un Amour de No\u00ebl<\/title>\n<meta name=\"robots\" content=\"index, follow, max-snippet:-1, max-image-preview:large, max-video-preview:-1\" \/>\n<link rel=\"canonical\" href=\"https:\/\/www.unamourdenoel.com\/prestations\/\" \/>\n<meta property=\"og:locale\" content=\"en_US\" \/>\n<meta property=\"og:type\" content=\"article\" \/>\n<meta property=\"og:title\" content=\"Prestations - Un Amour de No\u00ebl\" \/>\n<meta property=\"og:description\" content=\"[vc_row css_animation=&#8221;fadeIn&#8221; el_class=&#8221;heading-title&#8221; css=&#8221;.vc_custom_1606872715326{margin-top: 35px !important;margin-bottom: 60px !important;}&#8221;][vc_column el_class=&#8221;feature-v1&#8243;][vc_column_text css=&#8221;.vc_custom_1606840842243{margin-bottom: 0px !important;}&#8221;] Et si nous discutions des diff\u00e9rentes \u00e9tapes de notre future collaboration ? . . . [\/vc_column_text][\/vc_column][\/vc_row][vc_row css_animation=&#8221;fadeIn&#8221; css=&#8221;.vc_custom_1606871263499{margin-top: 15px !important;margin-bottom: 15px !important;}&#8221; el_class=&#8221;about-us about-us-custom&#8221;][vc_column width=&#8221;1\/2&#8243; css=&#8221;.vc_custom_1606811406947{padding-right: 0px !important;}&#8221;][\/vc_column][vc_column width=&#8221;1\/2&#8243; css=&#8221;.vc_custom_1606811312555{padding-left: 0px !important;}&#8221; el_class=&#8221;our-story&#8221;][vc_column_text css=&#8221;.vc_custom_1606818278695{margin-bottom: 0px !important;}&#8221;] LA RENCONTRE L\u2019\u00e9tape sans doute la plus &hellip; Continue reading &quot;Prestations&quot;\" \/>\n<meta property=\"og:url\" content=\"https:\/\/www.unamourdenoel.com\/prestations\/\" \/>\n<meta property=\"og:site_name\" content=\"Un Amour de No\u00ebl\" \/>\n<meta property=\"article:modified_time\" content=\"2025-02-21T07:04:54+00:00\" \/>\n<meta name=\"twitter:card\" content=\"summary_large_image\" \/>\n<meta name=\"twitter:label1\" content=\"Est. reading time\" \/>\n\t<meta name=\"twitter:data1\" content=\"3 minutes\" \/>\n<script type=\"application\/ld+json\" class=\"yoast-schema-graph\">{\"@context\":\"https:\\\/\\\/schema.org\",\"@graph\":[{\"@type\":\"WebPage\",\"@id\":\"https:\\\/\\\/www.unamourdenoel.com\\\/prestations\\\/\",\"url\":\"https:\\\/\\\/www.unamourdenoel.com\\\/prestations\\\/\",\"name\":\"Prestations - Un Amour de No\u00ebl\",\"isPartOf\":{\"@id\":\"https:\\\/\\\/www.unamourdenoel.com\\\/#website\"},\"datePublished\":\"2017-03-20T08:27:50+00:00\",\"dateModified\":\"2025-02-21T07:04:54+00:00\",\"breadcrumb\":{\"@id\":\"https:\\\/\\\/www.unamourdenoel.com\\\/prestations\\\/#breadcrumb\"},\"inLanguage\":\"en-US\",\"potentialAction\":[{\"@type\":\"ReadAction\",\"target\":[\"https:\\\/\\\/www.unamourdenoel.com\\\/prestations\\\/\"]}]},{\"@type\":\"BreadcrumbList\",\"@id\":\"https:\\\/\\\/www.unamourdenoel.com\\\/prestations\\\/#breadcrumb\",\"itemListElement\":[{\"@type\":\"ListItem\",\"position\":1,\"name\":\"Home\",\"item\":\"https:\\\/\\\/www.unamourdenoel.com\\\/\"},{\"@type\":\"ListItem\",\"position\":2,\"name\":\"Prestations\"}]},{\"@type\":\"WebSite\",\"@id\":\"https:\\\/\\\/www.unamourdenoel.com\\\/#website\",\"url\":\"https:\\\/\\\/www.unamourdenoel.com\\\/\",\"name\":\"Un Amour de No\u00ebl\",\"description\":\"Boutique, d\u00e9coration int\u00e9rieur, am\u00e9nagement\",\"publisher\":{\"@id\":\"https:\\\/\\\/www.unamourdenoel.com\\\/#organization\"},\"potentialAction\":[{\"@type\":\"SearchAction\",\"target\":{\"@type\":\"EntryPoint\",\"urlTemplate\":\"https:\\\/\\\/www.unamourdenoel.com\\\/?s={search_term_string}\"},\"query-input\":{\"@type\":\"PropertyValueSpecification\",\"valueRequired\":true,\"valueName\":\"search_term_string\"}}],\"inLanguage\":\"en-US\"},{\"@type\":\"Organization\",\"@id\":\"https:\\\/\\\/www.unamourdenoel.com\\\/#organization\",\"name\":\"Un amour de no\u00ebl\",\"url\":\"https:\\\/\\\/www.unamourdenoel.com\\\/\",\"logo\":{\"@type\":\"ImageObject\",\"inLanguage\":\"en-US\",\"@id\":\"https:\\\/\\\/www.unamourdenoel.com\\\/#\\\/schema\\\/logo\\\/image\\\/\",\"url\":\"https:\\\/\\\/www.unamourdenoel.com\\\/wp-content\\\/uploads\\\/2020\\\/12\\\/logo-AN-vecto-min.png\",\"contentUrl\":\"https:\\\/\\\/www.unamourdenoel.com\\\/wp-content\\\/uploads\\\/2020\\\/12\\\/logo-AN-vecto-min.png\",\"width\":853,\"height\":872,\"caption\":\"Un amour de no\u00ebl\"},\"image\":{\"@id\":\"https:\\\/\\\/www.unamourdenoel.com\\\/#\\\/schema\\\/logo\\\/image\\\/\"},\"sameAs\":[\"https:\\\/\\\/www.instagram.com\\\/un.amour.de.noel\\\/\"]}]}<\/script>\n<!-- \/ Yoast SEO plugin. -->","yoast_head_json":{"title":"Prestations - Un Amour de No\u00ebl","robots":{"index":"index","follow":"follow","max-snippet":"max-snippet:-1","max-image-preview":"max-image-preview:large","max-video-preview":"max-video-preview:-1"},"canonical":"https:\/\/www.unamourdenoel.com\/prestations\/","og_locale":"en_US","og_type":"article","og_title":"Prestations - Un Amour de No\u00ebl","og_description":"[vc_row css_animation=&#8221;fadeIn&#8221; el_class=&#8221;heading-title&#8221; css=&#8221;.vc_custom_1606872715326{margin-top: 35px !important;margin-bottom: 60px !important;}&#8221;][vc_column el_class=&#8221;feature-v1&#8243;][vc_column_text css=&#8221;.vc_custom_1606840842243{margin-bottom: 0px !important;}&#8221;] Et si nous discutions des diff\u00e9rentes \u00e9tapes de notre future collaboration ? . . . [\/vc_column_text][\/vc_column][\/vc_row][vc_row css_animation=&#8221;fadeIn&#8221; css=&#8221;.vc_custom_1606871263499{margin-top: 15px !important;margin-bottom: 15px !important;}&#8221; el_class=&#8221;about-us about-us-custom&#8221;][vc_column width=&#8221;1\/2&#8243; css=&#8221;.vc_custom_1606811406947{padding-right: 0px !important;}&#8221;][\/vc_column][vc_column width=&#8221;1\/2&#8243; css=&#8221;.vc_custom_1606811312555{padding-left: 0px !important;}&#8221; el_class=&#8221;our-story&#8221;][vc_column_text css=&#8221;.vc_custom_1606818278695{margin-bottom: 0px !important;}&#8221;] LA RENCONTRE L\u2019\u00e9tape sans doute la plus &hellip; Continue reading \"Prestations\"","og_url":"https:\/\/www.unamourdenoel.com\/prestations\/","og_site_name":"Un Amour de No\u00ebl","article_modified_time":"2025-02-21T07:04:54+00:00","twitter_card":"summary_large_image","twitter_misc":{"Est. reading time":"3 minutes"},"schema":{"@context":"https:\/\/schema.org","@graph":[{"@type":"WebPage","@id":"https:\/\/www.unamourdenoel.com\/prestations\/","url":"https:\/\/www.unamourdenoel.com\/prestations\/","name":"Prestations - Un Amour de No\u00ebl","isPartOf":{"@id":"https:\/\/www.unamourdenoel.com\/#website"},"datePublished":"2017-03-20T08:27:50+00:00","dateModified":"2025-02-21T07:04:54+00:00","breadcrumb":{"@id":"https:\/\/www.unamourdenoel.com\/prestations\/#breadcrumb"},"inLanguage":"en-US","potentialAction":[{"@type":"ReadAction","target":["https:\/\/www.unamourdenoel.com\/prestations\/"]}]},{"@type":"BreadcrumbList","@id":"https:\/\/www.unamourdenoel.com\/prestations\/#breadcrumb","itemListElement":[{"@type":"ListItem","position":1,"name":"Home","item":"https:\/\/www.unamourdenoel.com\/"},{"@type":"ListItem","position":2,"name":"Prestations"}]},{"@type":"WebSite","@id":"https:\/\/www.unamourdenoel.com\/#website","url":"https:\/\/www.unamourdenoel.com\/","name":"Un Amour de No\u00ebl","description":"Boutique, d\u00e9coration int\u00e9rieur, am\u00e9nagement","publisher":{"@id":"https:\/\/www.unamourdenoel.com\/#organization"},"potentialAction":[{"@type":"SearchAction","target":{"@type":"EntryPoint","urlTemplate":"https:\/\/www.unamourdenoel.com\/?s={search_term_string}"},"query-input":{"@type":"PropertyValueSpecification","valueRequired":true,"valueName":"search_term_string"}}],"inLanguage":"en-US"},{"@type":"Organization","@id":"https:\/\/www.unamourdenoel.com\/#organization","name":"Un amour de no\u00ebl","url":"https:\/\/www.unamourdenoel.com\/","logo":{"@type":"ImageObject","inLanguage":"en-US","@id":"https:\/\/www.unamourdenoel.com\/#\/schema\/logo\/image\/","url":"https:\/\/www.unamourdenoel.com\/wp-content\/uploads\/2020\/12\/logo-AN-vecto-min.png","contentUrl":"https:\/\/www.unamourdenoel.com\/wp-content\/uploads\/2020\/12\/logo-AN-vecto-min.png","width":853,"height":872,"caption":"Un amour de no\u00ebl"},"image":{"@id":"https:\/\/www.unamourdenoel.com\/#\/schema\/logo\/image\/"},"sameAs":["https:\/\/www.instagram.com\/un.amour.de.noel\/"]}]}},"_links":{"self":[{"href":"https:\/\/www.unamourdenoel.com\/en\/wp-json\/wp\/v2\/pages\/813","targetHints":{"allow":["GET"]}}],"collection":[{"href":"https:\/\/www.unamourdenoel.com\/en\/wp-json\/wp\/v2\/pages"}],"about":[{"href":"https:\/\/www.unamourdenoel.com\/en\/wp-json\/wp\/v2\/types\/page"}],"author":[{"embeddable":true,"href":"https:\/\/www.unamourdenoel.com\/en\/wp-json\/wp\/v2\/users\/3"}],"replies":[{"embeddable":true,"href":"https:\/\/www.unamourdenoel.com\/en\/wp-json\/wp\/v2\/comments?post=813"}],"version-history":[{"count":15,"href":"https:\/\/www.unamourdenoel.com\/en\/wp-json\/wp\/v2\/pages\/813\/revisions"}],"predecessor-version":[{"id":4747,"href":"https:\/\/www.unamourdenoel.com\/en\/wp-json\/wp\/v2\/pages\/813\/revisions\/4747"}],"wp:attachment":[{"href":"https:\/\/www.unamourdenoel.com\/en\/wp-json\/wp\/v2\/media?parent=813"}],"curies":[{"name":"wp","href":"https:\/\/api.w.org\/{rel}","templated":true}]}}